{"id":1322,"date":"2022-08-23T11:41:11","date_gmt":"2022-08-23T14:41:11","guid":{"rendered":"https:\/\/adgdistribuciones.com.ar\/?page_id=1322"},"modified":"2022-09-02T16:29:05","modified_gmt":"2022-09-02T19:29:05","slug":"congelados","status":"publish","type":"page","link":"https:\/\/adgdistribuciones.com.ar\/?page_id=1322","title":{"rendered":"Congelados"},"content":{"rendered":"\t\t<div data-elementor-type=\"wp-page\" data-elementor-id=\"1322\" class=\"elementor elementor-1322\">\n\t\t\t\t\t\t\t\t\t<section class=\"elementor-section elementor-top-section elementor-element elementor-element-2657d1a2 elementor-section-full_width elementor-hidden-tablet elementor-hidden-mobile elementor-section-height-default elementor-section-height-default\" data-id=\"2657d1a2\" data-element_type=\"section\">\n\t\t\t\t\t\t<div class=\"elementor-container elementor-column-gap-default\">\n\t\t\t\t\t<div class=\"elementor-column elementor-col-100 elementor-top-column elementor-element elementor-element-6c53f227\" data-id=\"6c53f227\" data-element_type=\"column\">\n\t\t\t<div class=\"elementor-widget-wrap elementor-element-populated\">\n\t\t\t\t\t\t\t\t<div class=\"elementor-element elementor-element-b007faa elementor-widget elementor-widget-image\" data-id=\"b007faa\" data-element_type=\"widget\" data-widget_type=\"image.default\">\n\t\t\t\t<div class=\"elementor-widget-container\">\n\t\t\t<style>\/*! elementor - v3.6.8 - 27-07-2022 *\/\n.elementor-widget-image{text-align:center}.elementor-widget-image a{display:inline-block}.elementor-widget-image a img[src$=\".svg\"]{width:48px}.elementor-widget-image img{vertical-align:middle;display:inline-block}<\/style>\t\t\t\t\t\t\t\t\t\t\t\t<img decoding=\"async\" loading=\"lazy\" width=\"1081\" height=\"301\" src=\"https:\/\/adgdistribuciones.com.ar\/wp-content\/uploads\/2022\/08\/bannersS-06.jpg\" class=\"attachment-full size-full\" alt=\"\" srcset=\"https:\/\/adgdistribuciones.com.ar\/wp-content\/uploads\/2022\/08\/bannersS-06.jpg 1081w, https:\/\/adgdistribuciones.com.ar\/wp-content\/uploads\/2022\/08\/bannersS-06-300x84.jpg 300w, https:\/\/adgdistribuciones.com.ar\/wp-content\/uploads\/2022\/08\/bannersS-06-1024x285.jpg 1024w, https:\/\/adgdistribuciones.com.ar\/wp-content\/uploads\/2022\/08\/bannersS-06-768x214.jpg 768w, https:\/\/adgdistribuciones.com.ar\/wp-content\/uploads\/2022\/08\/bannersS-06-600x167.jpg 600w\" sizes=\"(max-width: 1081px) 100vw, 1081px\" \/>\t\t\t\t\t\t\t\t\t\t\t\t\t\t\t<\/div>\n\t\t\t\t<\/div>\n\t\t\t\t\t<\/div>\n\t\t<\/div>\n\t\t\t\t\t\t\t<\/div>\n\t\t<\/section>\n\t\t\t\t<section class=\"elementor-section elementor-top-section elementor-element elementor-element-d7f0146 elementor-section-full_width elementor-section-height-default elementor-section-height-default\" data-id=\"d7f0146\" data-element_type=\"section\">\n\t\t\t\t\t\t<div class=\"elementor-container elementor-column-gap-default\">\n\t\t\t\t\t<div class=\"elementor-column elementor-col-100 elementor-top-column elementor-element elementor-element-6062acbd\" data-id=\"6062acbd\" data-element_type=\"column\">\n\t\t\t<div class=\"elementor-widget-wrap elementor-element-populated\">\n\t\t\t\t\t\t\t\t<div class=\"elementor-element elementor-element-7444a2ac elementor-hidden-desktop elementor-widget elementor-widget-image\" data-id=\"7444a2ac\" data-element_type=\"widget\" data-widget_type=\"image.default\">\n\t\t\t\t<div class=\"elementor-widget-container\">\n\t\t\t\t\t\t\t\t\t\t\t\t\t\t\t<img decoding=\"async\" loading=\"lazy\" width=\"721\" height=\"721\" src=\"https:\/\/adgdistribuciones.com.ar\/wp-content\/uploads\/2022\/08\/banner-responsive-11-1.jpg\" class=\"attachment-full size-full\" alt=\"\" srcset=\"https:\/\/adgdistribuciones.com.ar\/wp-content\/uploads\/2022\/08\/banner-responsive-11-1.jpg 721w, https:\/\/adgdistribuciones.com.ar\/wp-content\/uploads\/2022\/08\/banner-responsive-11-1-300x300.jpg 300w, https:\/\/adgdistribuciones.com.ar\/wp-content\/uploads\/2022\/08\/banner-responsive-11-1-150x150.jpg 150w, https:\/\/adgdistribuciones.com.ar\/wp-content\/uploads\/2022\/08\/banner-responsive-11-1-600x600.jpg 600w, https:\/\/adgdistribuciones.com.ar\/wp-content\/uploads\/2022\/08\/banner-responsive-11-1-100x100.jpg 100w\" sizes=\"(max-width: 721px) 100vw, 721px\" \/>\t\t\t\t\t\t\t\t\t\t\t\t\t\t\t<\/div>\n\t\t\t\t<\/div>\n\t\t\t\t\t<\/div>\n\t\t<\/div>\n\t\t\t\t\t\t\t<\/div>\n\t\t<\/section>\n\t\t\t\t<section class=\"elementor-section elementor-top-section elementor-element elementor-element-2ba816cf elementor-section-full_width elementor-section-height-default elementor-section-height-default\" data-id=\"2ba816cf\" data-element_type=\"section\">\n\t\t\t\t\t\t<div class=\"elementor-container elementor-column-gap-default\">\n\t\t\t\t\t<div class=\"elementor-column elementor-col-100 elementor-top-column elementor-element elementor-element-6fc6a5a6\" data-id=\"6fc6a5a6\" data-element_type=\"column\">\n\t\t\t<div class=\"elementor-widget-wrap elementor-element-populated\">\n\t\t\t\t\t\t\t\t<section class=\"elementor-section elementor-inner-section elementor-element elementor-element-5c743e34 elementor-section-full_width elementor-section-height-default elementor-section-height-default\" data-id=\"5c743e34\" data-element_type=\"section\" data-settings=\"{&quot;background_background&quot;:&quot;classic&quot;}\">\n\t\t\t\t\t\t<div class=\"elementor-container elementor-column-gap-default\">\n\t\t\t\t\t<div class=\"elementor-column elementor-col-100 elementor-inner-column elementor-element elementor-element-34cd8814\" data-id=\"34cd8814\" data-element_type=\"column\" data-settings=\"{&quot;background_background&quot;:&quot;classic&quot;}\">\n\t\t\t<div class=\"elementor-widget-wrap elementor-element-populated\">\n\t\t\t\t\t\t\t\t<div class=\"elementor-element elementor-element-b5bd5ed elementor-grid-3 elementor-product-loop-item--align-center elementor-grid-tablet-3 elementor-grid-mobile-2 elementor-products-grid elementor-wc-products elementor-show-pagination-border-yes elementor-widget elementor-widget-woocommerce-products\" data-id=\"b5bd5ed\" data-element_type=\"widget\" id=\"shop-principal\" data-widget_type=\"woocommerce-products.default\">\n\t\t\t\t<div class=\"elementor-widget-container\">\n\t\t\t<link rel=\"stylesheet\" href=\"https:\/\/adgdistribuciones.com.ar\/wp-content\/plugins\/elementor-pro\/assets\/css\/widget-woocommerce.min.css\"><div class=\"woocommerce columns-3 \"><div class=\"woocommerce-notices-wrapper\"><\/div><ul class=\"products elementor-grid columns-3\">\n<li class=\"product type-product post-1881 status-publish first instock product_cat-congelados has-post-thumbnail shipping-taxable product-type-simple\">\n\t<a href=\"https:\/\/adgdistribuciones.com.ar\/?product=tapas-para-empanadas-rotiseras-tubo-orali\" class=\"woocommerce-LoopProduct-link woocommerce-loop-product__link\"><img loading=\"lazy\" width=\"300\" height=\"457\" src=\"https:\/\/adgdistribuciones.com.ar\/wp-content\/uploads\/2022\/09\/Pastas_400x400-28-300x457.jpg\" class=\"attachment-woocommerce_thumbnail size-woocommerce_thumbnail\" alt=\"\" decoding=\"async\" \/><h2 class=\"woocommerce-loop-product__title\">Tapas para empanadas rotiseras\/tubo- Orali<\/h2>\n<\/a><a href=\"https:\/\/adgdistribuciones.com.ar\/?product=tapas-para-empanadas-rotiseras-tubo-orali\" data-quantity=\"1\" class=\"button product_type_simple\" data-product_id=\"1881\" data-product_sku=\"\" aria-label=\"Le\u00e9 m\u00e1s sobre &ldquo;Tapas para empanadas rotiseras\/tubo- Orali&rdquo;\" rel=\"nofollow\">Leer m\u00e1s<\/a><\/li>\n<li class=\"product type-product post-1880 status-publish instock product_cat-congelados has-post-thumbnail shipping-taxable product-type-simple\">\n\t<a href=\"https:\/\/adgdistribuciones.com.ar\/?product=tapas-para-empanadas-rotiseras-hojaldre-orali\" class=\"woocommerce-LoopProduct-link woocommerce-loop-product__link\"><img loading=\"lazy\" width=\"300\" height=\"457\" src=\"https:\/\/adgdistribuciones.com.ar\/wp-content\/uploads\/2022\/09\/Pastas_400x400-27-300x457.jpg\" class=\"attachment-woocommerce_thumbnail size-woocommerce_thumbnail\" alt=\"\" decoding=\"async\" \/><h2 class=\"woocommerce-loop-product__title\">Tapas para empanadas rotiseras\/hojaldre- Orali<\/h2>\n<\/a><a href=\"https:\/\/adgdistribuciones.com.ar\/?product=tapas-para-empanadas-rotiseras-hojaldre-orali\" data-quantity=\"1\" class=\"button product_type_simple\" data-product_id=\"1880\" data-product_sku=\"\" aria-label=\"Le\u00e9 m\u00e1s sobre &ldquo;Tapas para empanadas rotiseras\/hojaldre- Orali&rdquo;\" rel=\"nofollow\">Leer m\u00e1s<\/a><\/li>\n<li class=\"product type-product post-1879 status-publish last instock product_cat-congelados has-post-thumbnail shipping-taxable product-type-simple\">\n\t<a href=\"https:\/\/adgdistribuciones.com.ar\/?product=tapas-para-empanadas-rotiseras-criolla-orali\" class=\"woocommerce-LoopProduct-link woocommerce-loop-product__link\"><img loading=\"lazy\" width=\"300\" height=\"457\" src=\"https:\/\/adgdistribuciones.com.ar\/wp-content\/uploads\/2022\/09\/Pastas_400x400-26-300x457.jpg\" class=\"attachment-woocommerce_thumbnail size-woocommerce_thumbnail\" alt=\"\" decoding=\"async\" \/><h2 class=\"woocommerce-loop-product__title\">Tapas para empanadas rotiseras\/criolla &#8211; Orali<\/h2>\n<\/a><a href=\"https:\/\/adgdistribuciones.com.ar\/?product=tapas-para-empanadas-rotiseras-criolla-orali\" data-quantity=\"1\" class=\"button product_type_simple\" data-product_id=\"1879\" data-product_sku=\"\" aria-label=\"Le\u00e9 m\u00e1s sobre &ldquo;Tapas para empanadas rotiseras\/criolla - Orali&rdquo;\" rel=\"nofollow\">Leer m\u00e1s<\/a><\/li>\n<li class=\"product type-product post-1878 status-publish first instock product_cat-congelados has-post-thumbnail shipping-taxable product-type-simple\">\n\t<a href=\"https:\/\/adgdistribuciones.com.ar\/?product=madalenas-orali\" class=\"woocommerce-LoopProduct-link woocommerce-loop-product__link\"><img loading=\"lazy\" width=\"300\" height=\"457\" src=\"https:\/\/adgdistribuciones.com.ar\/wp-content\/uploads\/2022\/09\/Pastas_400x400-24-300x457.jpg\" class=\"attachment-woocommerce_thumbnail size-woocommerce_thumbnail\" alt=\"\" decoding=\"async\" \/><h2 class=\"woocommerce-loop-product__title\">Madalenas &#8211; Orali<\/h2>\n<\/a><a href=\"https:\/\/adgdistribuciones.com.ar\/?product=madalenas-orali\" data-quantity=\"1\" class=\"button product_type_simple\" data-product_id=\"1878\" data-product_sku=\"\" aria-label=\"Le\u00e9 m\u00e1s sobre &ldquo;Madalenas - Orali&rdquo;\" rel=\"nofollow\">Leer m\u00e1s<\/a><\/li>\n<li class=\"product type-product post-1877 status-publish instock product_cat-congelados has-post-thumbnail shipping-taxable product-type-simple\">\n\t<a href=\"https:\/\/adgdistribuciones.com.ar\/?product=budines-orali\" class=\"woocommerce-LoopProduct-link woocommerce-loop-product__link\"><img loading=\"lazy\" width=\"300\" height=\"457\" src=\"https:\/\/adgdistribuciones.com.ar\/wp-content\/uploads\/2022\/09\/Pastas_400x400-25-300x457.jpg\" class=\"attachment-woocommerce_thumbnail size-woocommerce_thumbnail\" alt=\"\" decoding=\"async\" \/><h2 class=\"woocommerce-loop-product__title\">Budines &#8211; Orali<\/h2>\n<\/a><a href=\"https:\/\/adgdistribuciones.com.ar\/?product=budines-orali\" data-quantity=\"1\" class=\"button product_type_simple\" data-product_id=\"1877\" data-product_sku=\"\" aria-label=\"Le\u00e9 m\u00e1s sobre &ldquo;Budines - Orali&rdquo;\" rel=\"nofollow\">Leer m\u00e1s<\/a><\/li>\n<li class=\"product type-product post-1876 status-publish last instock product_cat-congelados has-post-thumbnail shipping-taxable product-type-simple\">\n\t<a href=\"https:\/\/adgdistribuciones.com.ar\/?product=pionono-integral-con-semillas-orali\" class=\"woocommerce-LoopProduct-link woocommerce-loop-product__link\"><img loading=\"lazy\" width=\"300\" height=\"457\" src=\"https:\/\/adgdistribuciones.com.ar\/wp-content\/uploads\/2022\/09\/Pastas_400x400-23-300x457.jpg\" class=\"attachment-woocommerce_thumbnail size-woocommerce_thumbnail\" alt=\"\" decoding=\"async\" \/><h2 class=\"woocommerce-loop-product__title\">Pionono integral \/ con semillas &#8211; Orali<\/h2>\n<\/a><a href=\"https:\/\/adgdistribuciones.com.ar\/?product=pionono-integral-con-semillas-orali\" data-quantity=\"1\" class=\"button product_type_simple\" data-product_id=\"1876\" data-product_sku=\"\" aria-label=\"Le\u00e9 m\u00e1s sobre &ldquo;Pionono integral \/ con semillas - Orali&rdquo;\" rel=\"nofollow\">Leer m\u00e1s<\/a><\/li>\n<li class=\"product type-product post-1875 status-publish first instock product_cat-congelados has-post-thumbnail shipping-taxable product-type-simple\">\n\t<a href=\"https:\/\/adgdistribuciones.com.ar\/?product=pionono-clasico-orali\" class=\"woocommerce-LoopProduct-link woocommerce-loop-product__link\"><img loading=\"lazy\" width=\"300\" height=\"457\" src=\"https:\/\/adgdistribuciones.com.ar\/wp-content\/uploads\/2022\/09\/Pastas_400x400-22-300x457.jpg\" class=\"attachment-woocommerce_thumbnail size-woocommerce_thumbnail\" alt=\"\" decoding=\"async\" \/><h2 class=\"woocommerce-loop-product__title\">Pionono cl\u00e1sico &#8211; Orali<\/h2>\n<\/a><a href=\"https:\/\/adgdistribuciones.com.ar\/?product=pionono-clasico-orali\" data-quantity=\"1\" class=\"button product_type_simple\" data-product_id=\"1875\" data-product_sku=\"\" aria-label=\"Le\u00e9 m\u00e1s sobre &ldquo;Pionono cl\u00e1sico - Orali&rdquo;\" rel=\"nofollow\">Leer m\u00e1s<\/a><\/li>\n<li class=\"product type-product post-1874 status-publish instock product_cat-congelados has-post-thumbnail shipping-taxable product-type-simple\">\n\t<a href=\"https:\/\/adgdistribuciones.com.ar\/?product=pan-con-salvado-orali\" class=\"woocommerce-LoopProduct-link woocommerce-loop-product__link\"><img loading=\"lazy\" width=\"300\" height=\"457\" src=\"https:\/\/adgdistribuciones.com.ar\/wp-content\/uploads\/2022\/09\/Pastas_400x400-21-300x457.jpg\" class=\"attachment-woocommerce_thumbnail size-woocommerce_thumbnail\" alt=\"\" decoding=\"async\" \/><h2 class=\"woocommerce-loop-product__title\">Pan con salvado &#8211; Orali<\/h2>\n<\/a><a href=\"https:\/\/adgdistribuciones.com.ar\/?product=pan-con-salvado-orali\" data-quantity=\"1\" class=\"button product_type_simple\" data-product_id=\"1874\" data-product_sku=\"\" aria-label=\"Le\u00e9 m\u00e1s sobre &ldquo;Pan con salvado - Orali&rdquo;\" rel=\"nofollow\">Leer m\u00e1s<\/a><\/li>\n<li class=\"product type-product post-1873 status-publish last instock product_cat-congelados has-post-thumbnail shipping-taxable product-type-simple\">\n\t<a href=\"https:\/\/adgdistribuciones.com.ar\/?product=pan-lacteado-orali\" class=\"woocommerce-LoopProduct-link woocommerce-loop-product__link\"><img loading=\"lazy\" width=\"300\" height=\"457\" src=\"https:\/\/adgdistribuciones.com.ar\/wp-content\/uploads\/2022\/09\/Pastas_400x400-20-300x457.jpg\" class=\"attachment-woocommerce_thumbnail size-woocommerce_thumbnail\" alt=\"\" decoding=\"async\" \/><h2 class=\"woocommerce-loop-product__title\">Pan lacteado &#8211; Orali<\/h2>\n<\/a><a href=\"https:\/\/adgdistribuciones.com.ar\/?product=pan-lacteado-orali\" data-quantity=\"1\" class=\"button product_type_simple\" data-product_id=\"1873\" data-product_sku=\"\" aria-label=\"Le\u00e9 m\u00e1s sobre &ldquo;Pan lacteado - Orali&rdquo;\" rel=\"nofollow\">Leer m\u00e1s<\/a><\/li>\n<\/ul>\n<nav class=\"woocommerce-pagination\">\n\t<ul class='page-numbers'>\n\t<li><span aria-current=\"page\" class=\"page-numbers current\">1<\/span><\/li>\n\t<li><a class=\"page-numbers\" href=\"\/index.php?rest_route=%2Fwp%2Fv2%2Fpages%2F1322&#038;product-page=2\">2<\/a><\/li>\n\t<li><a class=\"page-numbers\" href=\"\/index.php?rest_route=%2Fwp%2Fv2%2Fpages%2F1322&#038;product-page=3\">3<\/a><\/li>\n\t<li><a class=\"page-numbers\" href=\"\/index.php?rest_route=%2Fwp%2Fv2%2Fpages%2F1322&#038;product-page=4\">4<\/a><\/li>\n\t<li><a class=\"next page-numbers\" href=\"\/index.php?rest_route=%2Fwp%2Fv2%2Fpages%2F1322&#038;product-page=2\">&rarr;<\/a><\/li>\n<\/ul>\n<\/nav>\n<\/div>\t\t<\/div>\n\t\t\t\t<\/div>\n\t\t\t\t\t<\/div>\n\t\t<\/div>\n\t\t\t\t\t\t\t<\/div>\n\t\t<\/section>\n\t\t\t\t\t<\/div>\n\t\t<\/div>\n\t\t\t\t\t\t\t<\/div>\n\t\t<\/section>\n\t\t\t\t\t\t\t<\/div>\n\t\t","protected":false},"excerpt":{"rendered":"","protected":false},"author":1,"featured_media":0,"parent":0,"menu_order":0,"comment_status":"closed","ping_status":"closed","template":"","meta":{"footnotes":"","_joinchat":[]},"_links":{"self":[{"href":"https:\/\/adgdistribuciones.com.ar\/index.php?rest_route=\/wp\/v2\/pages\/1322"}],"collection":[{"href":"https:\/\/adgdistribuciones.com.ar\/index.php?rest_route=\/wp\/v2\/pages"}],"about":[{"href":"https:\/\/adgdistribuciones.com.ar\/index.php?rest_route=\/wp\/v2\/types\/page"}],"author":[{"embeddable":true,"href":"https:\/\/adgdistribuciones.com.ar\/index.php?rest_route=\/wp\/v2\/users\/1"}],"replies":[{"embeddable":true,"href":"https:\/\/adgdistribuciones.com.ar\/index.php?rest_route=%2Fwp%2Fv2%2Fcomments&post=1322"}],"version-history":[{"count":16,"href":"https:\/\/adgdistribuciones.com.ar\/index.php?rest_route=\/wp\/v2\/pages\/1322\/revisions"}],"predecessor-version":[{"id":1672,"href":"https:\/\/adgdistribuciones.com.ar\/index.php?rest_route=\/wp\/v2\/pages\/1322\/revisions\/1672"}],"wp:attachment":[{"href":"https:\/\/adgdistribuciones.com.ar\/index.php?rest_route=%2Fwp%2Fv2%2Fmedia&parent=1322"}],"curies":[{"name":"wp","href":"https:\/\/api.w.org\/{rel}","templated":true}]}}