{"id":1307,"date":"2022-08-23T11:35:43","date_gmt":"2022-08-23T14:35:43","guid":{"rendered":"https:\/\/adgdistribuciones.com.ar\/?page_id=1307"},"modified":"2022-09-05T08:02:43","modified_gmt":"2022-09-05T11:02:43","slug":"fiambres","status":"publish","type":"page","link":"https:\/\/adgdistribuciones.com.ar\/?page_id=1307","title":{"rendered":"Fiambres"},"content":{"rendered":"\t\t<div data-elementor-type=\"wp-page\" data-elementor-id=\"1307\" class=\"elementor elementor-1307\">\n\t\t\t\t\t\t\t\t\t<section class=\"elementor-section elementor-top-section elementor-element elementor-element-5ac5ae08 elementor-section-full_width elementor-hidden-tablet elementor-hidden-mobile elementor-section-height-default elementor-section-height-default\" data-id=\"5ac5ae08\" data-element_type=\"section\">\n\t\t\t\t\t\t<div class=\"elementor-container elementor-column-gap-default\">\n\t\t\t\t\t<div class=\"elementor-column elementor-col-100 elementor-top-column elementor-element elementor-element-7806b71e\" data-id=\"7806b71e\" data-element_type=\"column\">\n\t\t\t<div class=\"elementor-widget-wrap elementor-element-populated\">\n\t\t\t\t\t\t\t\t<div class=\"elementor-element elementor-element-39337c14 elementor-widget elementor-widget-image\" data-id=\"39337c14\" data-element_type=\"widget\" data-widget_type=\"image.default\">\n\t\t\t\t<div class=\"elementor-widget-container\">\n\t\t\t<style>\/*! elementor - v3.6.8 - 27-07-2022 *\/\n.elementor-widget-image{text-align:center}.elementor-widget-image a{display:inline-block}.elementor-widget-image a img[src$=\".svg\"]{width:48px}.elementor-widget-image img{vertical-align:middle;display:inline-block}<\/style>\t\t\t\t\t\t\t\t\t\t\t\t<img decoding=\"async\" loading=\"lazy\" width=\"1081\" height=\"301\" src=\"https:\/\/adgdistribuciones.com.ar\/wp-content\/uploads\/2022\/08\/banners-04.jpg\" class=\"attachment-full size-full\" alt=\"\" srcset=\"https:\/\/adgdistribuciones.com.ar\/wp-content\/uploads\/2022\/08\/banners-04.jpg 1081w, https:\/\/adgdistribuciones.com.ar\/wp-content\/uploads\/2022\/08\/banners-04-300x84.jpg 300w, https:\/\/adgdistribuciones.com.ar\/wp-content\/uploads\/2022\/08\/banners-04-1024x285.jpg 1024w, https:\/\/adgdistribuciones.com.ar\/wp-content\/uploads\/2022\/08\/banners-04-768x214.jpg 768w, https:\/\/adgdistribuciones.com.ar\/wp-content\/uploads\/2022\/08\/banners-04-600x167.jpg 600w\" sizes=\"(max-width: 1081px) 100vw, 1081px\" \/>\t\t\t\t\t\t\t\t\t\t\t\t\t\t\t<\/div>\n\t\t\t\t<\/div>\n\t\t\t\t\t<\/div>\n\t\t<\/div>\n\t\t\t\t\t\t\t<\/div>\n\t\t<\/section>\n\t\t\t\t<section class=\"elementor-section elementor-top-section elementor-element elementor-element-54c078dc elementor-section-full_width elementor-section-height-default elementor-section-height-default\" data-id=\"54c078dc\" data-element_type=\"section\">\n\t\t\t\t\t\t<div class=\"elementor-container elementor-column-gap-default\">\n\t\t\t\t\t<div class=\"elementor-column elementor-col-100 elementor-top-column elementor-element elementor-element-5cbcc6b1\" data-id=\"5cbcc6b1\" data-element_type=\"column\">\n\t\t\t<div class=\"elementor-widget-wrap elementor-element-populated\">\n\t\t\t\t\t\t\t\t<div class=\"elementor-element elementor-element-602b530a elementor-hidden-desktop elementor-widget elementor-widget-image\" data-id=\"602b530a\" data-element_type=\"widget\" data-widget_type=\"image.default\">\n\t\t\t\t<div class=\"elementor-widget-container\">\n\t\t\t\t\t\t\t\t\t\t\t\t\t\t\t<img decoding=\"async\" loading=\"lazy\" width=\"721\" height=\"721\" src=\"https:\/\/adgdistribuciones.com.ar\/wp-content\/uploads\/2022\/08\/banner-responsive-09.jpg\" class=\"attachment-full size-full\" alt=\"\" srcset=\"https:\/\/adgdistribuciones.com.ar\/wp-content\/uploads\/2022\/08\/banner-responsive-09.jpg 721w, https:\/\/adgdistribuciones.com.ar\/wp-content\/uploads\/2022\/08\/banner-responsive-09-300x300.jpg 300w, https:\/\/adgdistribuciones.com.ar\/wp-content\/uploads\/2022\/08\/banner-responsive-09-150x150.jpg 150w, https:\/\/adgdistribuciones.com.ar\/wp-content\/uploads\/2022\/08\/banner-responsive-09-600x600.jpg 600w, https:\/\/adgdistribuciones.com.ar\/wp-content\/uploads\/2022\/08\/banner-responsive-09-100x100.jpg 100w\" sizes=\"(max-width: 721px) 100vw, 721px\" \/>\t\t\t\t\t\t\t\t\t\t\t\t\t\t\t<\/div>\n\t\t\t\t<\/div>\n\t\t\t\t\t<\/div>\n\t\t<\/div>\n\t\t\t\t\t\t\t<\/div>\n\t\t<\/section>\n\t\t\t\t<section class=\"elementor-section elementor-top-section elementor-element elementor-element-53bf3d57 elementor-section-full_width elementor-section-height-default elementor-section-height-default\" data-id=\"53bf3d57\" data-element_type=\"section\">\n\t\t\t\t\t\t<div class=\"elementor-container elementor-column-gap-default\">\n\t\t\t\t\t<div class=\"elementor-column elementor-col-100 elementor-top-column elementor-element elementor-element-2380bde3\" data-id=\"2380bde3\" data-element_type=\"column\">\n\t\t\t<div class=\"elementor-widget-wrap elementor-element-populated\">\n\t\t\t\t\t\t\t\t<section class=\"elementor-section elementor-inner-section elementor-element elementor-element-3cca9194 elementor-section-full_width elementor-section-height-default elementor-section-height-default\" data-id=\"3cca9194\" data-element_type=\"section\" data-settings=\"{&quot;background_background&quot;:&quot;classic&quot;}\">\n\t\t\t\t\t\t<div class=\"elementor-container elementor-column-gap-default\">\n\t\t\t\t\t<div class=\"elementor-column elementor-col-100 elementor-inner-column elementor-element elementor-element-6303a2bf\" data-id=\"6303a2bf\" data-element_type=\"column\" data-settings=\"{&quot;background_background&quot;:&quot;classic&quot;}\">\n\t\t\t<div class=\"elementor-widget-wrap elementor-element-populated\">\n\t\t\t\t\t\t\t\t<div class=\"elementor-element elementor-element-7a2894d8 elementor-grid-3 elementor-product-loop-item--align-center elementor-grid-tablet-3 elementor-grid-mobile-2 elementor-products-grid elementor-wc-products elementor-show-pagination-border-yes elementor-widget elementor-widget-woocommerce-products\" data-id=\"7a2894d8\" data-element_type=\"widget\" id=\"shop-principal\" data-widget_type=\"woocommerce-products.default\">\n\t\t\t\t<div class=\"elementor-widget-container\">\n\t\t\t<link rel=\"stylesheet\" href=\"https:\/\/adgdistribuciones.com.ar\/wp-content\/plugins\/elementor-pro\/assets\/css\/widget-woocommerce.min.css\"><div class=\"woocommerce columns-3 \"><div class=\"woocommerce-notices-wrapper\"><\/div><ul class=\"products elementor-grid columns-3\">\n<li class=\"product type-product post-1458 status-publish first instock product_cat-fiambres has-post-thumbnail shipping-taxable product-type-simple\">\n\t<a href=\"https:\/\/adgdistribuciones.com.ar\/?product=spianatta-a-la-pimienta\" class=\"woocommerce-LoopProduct-link woocommerce-loop-product__link\"><img loading=\"lazy\" width=\"300\" height=\"457\" src=\"https:\/\/adgdistribuciones.com.ar\/wp-content\/uploads\/2022\/08\/Productos-Fiambres-400x400px_Mesa-de-trabajo-1-copia-300x457.jpg\" class=\"attachment-woocommerce_thumbnail size-woocommerce_thumbnail\" alt=\"\" decoding=\"async\" \/><h2 class=\"woocommerce-loop-product__title\">Salamin Tandilero Cagnoli Picado Fino<\/h2>\n<\/a><a href=\"https:\/\/adgdistribuciones.com.ar\/?product=spianatta-a-la-pimienta\" data-quantity=\"1\" class=\"button product_type_simple\" data-product_id=\"1458\" data-product_sku=\"\" aria-label=\"Le\u00e9 m\u00e1s sobre &ldquo;Salamin Tandilero Cagnoli Picado Fino&rdquo;\" rel=\"nofollow\">Leer m\u00e1s<\/a><\/li>\n<li class=\"product type-product post-1490 status-publish instock product_cat-fiambres has-post-thumbnail shipping-taxable product-type-simple\">\n\t<a href=\"https:\/\/adgdistribuciones.com.ar\/?product=jamon-cocido-cagnoli\" class=\"woocommerce-LoopProduct-link woocommerce-loop-product__link\"><img loading=\"lazy\" width=\"300\" height=\"457\" src=\"https:\/\/adgdistribuciones.com.ar\/wp-content\/uploads\/2022\/08\/Productos-Fiambres-400x400px_Mesa-de-trabajo-1-copia-2-300x457.jpg\" class=\"attachment-woocommerce_thumbnail size-woocommerce_thumbnail\" alt=\"\" decoding=\"async\" \/><h2 class=\"woocommerce-loop-product__title\">Salam\u00edn Tandilero Cagnoli Picado Grueso<\/h2>\n<\/a><a href=\"https:\/\/adgdistribuciones.com.ar\/?product=jamon-cocido-cagnoli\" data-quantity=\"1\" class=\"button product_type_simple\" data-product_id=\"1490\" data-product_sku=\"\" aria-label=\"Le\u00e9 m\u00e1s sobre &ldquo;Salam\u00edn Tandilero Cagnoli Picado Grueso&rdquo;\" rel=\"nofollow\">Leer m\u00e1s<\/a><\/li>\n<li class=\"product type-product post-1492 status-publish last instock product_cat-fiambres has-post-thumbnail shipping-taxable product-type-simple\">\n\t<a href=\"https:\/\/adgdistribuciones.com.ar\/?product=chorizo-tipo-espanol-cagnoli\" class=\"woocommerce-LoopProduct-link woocommerce-loop-product__link\"><img loading=\"lazy\" width=\"300\" height=\"457\" src=\"https:\/\/adgdistribuciones.com.ar\/wp-content\/uploads\/2022\/08\/Productos-Fiambres-400x400px_Mesa-de-trabajo-1-copia-3-300x457.jpg\" class=\"attachment-woocommerce_thumbnail size-woocommerce_thumbnail\" alt=\"\" decoding=\"async\" \/><h2 class=\"woocommerce-loop-product__title\">Salamin Tandilero Cagnoli Picado fino<\/h2>\n<\/a><a href=\"https:\/\/adgdistribuciones.com.ar\/?product=chorizo-tipo-espanol-cagnoli\" data-quantity=\"1\" class=\"button product_type_simple\" data-product_id=\"1492\" data-product_sku=\"\" aria-label=\"Le\u00e9 m\u00e1s sobre &ldquo;Salamin Tandilero Cagnoli Picado fino&rdquo;\" rel=\"nofollow\">Leer m\u00e1s<\/a><\/li>\n<li class=\"product type-product post-1644 status-publish first instock product_cat-fiambres has-post-thumbnail shipping-taxable product-type-simple\">\n\t<a href=\"https:\/\/adgdistribuciones.com.ar\/?product=salamin-tandilero-picado-grueso\" class=\"woocommerce-LoopProduct-link woocommerce-loop-product__link\"><img loading=\"lazy\" width=\"300\" height=\"457\" src=\"https:\/\/adgdistribuciones.com.ar\/wp-content\/uploads\/2022\/08\/Productos-Fiambres-400x400px_Mesa-de-trabajo-1-copia-4-300x457.jpg\" class=\"attachment-woocommerce_thumbnail size-woocommerce_thumbnail\" alt=\"\" decoding=\"async\" \/><h2 class=\"woocommerce-loop-product__title\">Salam\u00edn tandilero Picado Grueso<\/h2>\n<\/a><a href=\"https:\/\/adgdistribuciones.com.ar\/?product=salamin-tandilero-picado-grueso\" data-quantity=\"1\" class=\"button product_type_simple\" data-product_id=\"1644\" data-product_sku=\"\" aria-label=\"Le\u00e9 m\u00e1s sobre &ldquo;Salam\u00edn tandilero Picado Grueso&rdquo;\" rel=\"nofollow\">Leer m\u00e1s<\/a><\/li>\n<li class=\"product type-product post-1645 status-publish instock product_cat-fiambres has-post-thumbnail shipping-taxable product-type-simple\">\n\t<a href=\"https:\/\/adgdistribuciones.com.ar\/?product=salame-baston-cagnoli-picado-fino\" class=\"woocommerce-LoopProduct-link woocommerce-loop-product__link\"><img loading=\"lazy\" width=\"300\" height=\"457\" src=\"https:\/\/adgdistribuciones.com.ar\/wp-content\/uploads\/2022\/09\/Productos-Fiambres-400x400px_Mesa-de-trabajo-1-copia-5-300x457.jpg\" class=\"attachment-woocommerce_thumbnail size-woocommerce_thumbnail\" alt=\"\" decoding=\"async\" \/><h2 class=\"woocommerce-loop-product__title\">Salame bast\u00f3n Cagnoli Picado Fino<\/h2>\n<\/a><a href=\"https:\/\/adgdistribuciones.com.ar\/?product=salame-baston-cagnoli-picado-fino\" data-quantity=\"1\" class=\"button product_type_simple\" data-product_id=\"1645\" data-product_sku=\"\" aria-label=\"Le\u00e9 m\u00e1s sobre &ldquo;Salame bast\u00f3n Cagnoli Picado Fino&rdquo;\" rel=\"nofollow\">Leer m\u00e1s<\/a><\/li>\n<li class=\"product type-product post-1650 status-publish last instock product_cat-fiambres has-post-thumbnail shipping-taxable product-type-simple\">\n\t<a href=\"https:\/\/adgdistribuciones.com.ar\/?product=longaniza-baston-a-la-calabresa-cagnoli\" class=\"woocommerce-LoopProduct-link woocommerce-loop-product__link\"><img loading=\"lazy\" width=\"300\" height=\"457\" src=\"https:\/\/adgdistribuciones.com.ar\/wp-content\/uploads\/2022\/09\/Productos-Fiambres-400x400px_Mesa-de-trabajo-1-copia-8-300x457.jpg\" class=\"attachment-woocommerce_thumbnail size-woocommerce_thumbnail\" alt=\"\" decoding=\"async\" \/><h2 class=\"woocommerce-loop-product__title\">Longaniza bast\u00f3n a la calabresa Cagnoli<\/h2>\n<\/a><a href=\"https:\/\/adgdistribuciones.com.ar\/?product=longaniza-baston-a-la-calabresa-cagnoli\" data-quantity=\"1\" class=\"button product_type_simple\" data-product_id=\"1650\" data-product_sku=\"\" aria-label=\"Le\u00e9 m\u00e1s sobre &ldquo;Longaniza bast\u00f3n a la calabresa Cagnoli&rdquo;\" rel=\"nofollow\">Leer m\u00e1s<\/a><\/li>\n<li class=\"product type-product post-1651 status-publish first instock product_cat-fiambres has-post-thumbnail shipping-taxable product-type-simple\">\n\t<a href=\"https:\/\/adgdistribuciones.com.ar\/?product=fuet-serrano-cagnoli\" class=\"woocommerce-LoopProduct-link woocommerce-loop-product__link\"><img loading=\"lazy\" width=\"300\" height=\"457\" src=\"https:\/\/adgdistribuciones.com.ar\/wp-content\/uploads\/2022\/09\/Productos-Fiambres-400x400px_Mesa-de-trabajo-1-copia-6-300x457.jpg\" class=\"attachment-woocommerce_thumbnail size-woocommerce_thumbnail\" alt=\"\" decoding=\"async\" \/><h2 class=\"woocommerce-loop-product__title\">Fuet Serrano Cagnoli<\/h2>\n<\/a><a href=\"https:\/\/adgdistribuciones.com.ar\/?product=fuet-serrano-cagnoli\" data-quantity=\"1\" class=\"button product_type_simple\" data-product_id=\"1651\" data-product_sku=\"\" aria-label=\"Le\u00e9 m\u00e1s sobre &ldquo;Fuet Serrano Cagnoli&rdquo;\" rel=\"nofollow\">Leer m\u00e1s<\/a><\/li>\n<li class=\"product type-product post-1652 status-publish instock product_cat-fiambres has-post-thumbnail shipping-taxable product-type-simple\">\n\t<a href=\"https:\/\/adgdistribuciones.com.ar\/?product=longaniza-baston-espanola-cagnoli\" class=\"woocommerce-LoopProduct-link woocommerce-loop-product__link\"><img loading=\"lazy\" width=\"300\" height=\"457\" src=\"https:\/\/adgdistribuciones.com.ar\/wp-content\/uploads\/2022\/09\/63_Mesa-de-trabajo-1-copia-9-300x457.jpg\" class=\"attachment-woocommerce_thumbnail size-woocommerce_thumbnail\" alt=\"\" decoding=\"async\" \/><h2 class=\"woocommerce-loop-product__title\">Longaniza Bast\u00f3n Espa\u00f1ola Cagnoli<\/h2>\n<\/a><a href=\"https:\/\/adgdistribuciones.com.ar\/?product=longaniza-baston-espanola-cagnoli\" data-quantity=\"1\" class=\"button product_type_simple\" data-product_id=\"1652\" data-product_sku=\"\" aria-label=\"Le\u00e9 m\u00e1s sobre &ldquo;Longaniza Bast\u00f3n Espa\u00f1ola Cagnoli&rdquo;\" rel=\"nofollow\">Leer m\u00e1s<\/a><\/li>\n<li class=\"product type-product post-1655 status-publish last instock product_cat-fiambres has-post-thumbnail shipping-taxable product-type-simple\">\n\t<a href=\"https:\/\/adgdistribuciones.com.ar\/?product=fuet-de-tandil\" class=\"woocommerce-LoopProduct-link woocommerce-loop-product__link\"><img loading=\"lazy\" width=\"300\" height=\"457\" src=\"https:\/\/adgdistribuciones.com.ar\/wp-content\/uploads\/2022\/09\/Productos-Fiambres-400x400px_Mesa-de-trabajo-1-copia-7-300x457.jpg\" class=\"attachment-woocommerce_thumbnail size-woocommerce_thumbnail\" alt=\"\" decoding=\"async\" \/><h2 class=\"woocommerce-loop-product__title\">Fuet de Tandil<\/h2>\n<\/a><a href=\"https:\/\/adgdistribuciones.com.ar\/?product=fuet-de-tandil\" data-quantity=\"1\" class=\"button product_type_simple\" data-product_id=\"1655\" data-product_sku=\"\" aria-label=\"Le\u00e9 m\u00e1s sobre &ldquo;Fuet de Tandil&rdquo;\" rel=\"nofollow\">Leer m\u00e1s<\/a><\/li>\n<\/ul>\n<nav class=\"woocommerce-pagination\">\n\t<ul class='page-numbers'>\n\t<li><span aria-current=\"page\" class=\"page-numbers current\">1<\/span><\/li>\n\t<li><a class=\"page-numbers\" href=\"\/index.php?rest_route=%2Fwp%2Fv2%2Fpages%2F1307&#038;product-page=2\">2<\/a><\/li>\n\t<li><a class=\"page-numbers\" href=\"\/index.php?rest_route=%2Fwp%2Fv2%2Fpages%2F1307&#038;product-page=3\">3<\/a><\/li>\n\t<li><a class=\"page-numbers\" href=\"\/index.php?rest_route=%2Fwp%2Fv2%2Fpages%2F1307&#038;product-page=4\">4<\/a><\/li>\n\t<li><span class=\"page-numbers dots\">&hellip;<\/span><\/li>\n\t<li><a class=\"page-numbers\" href=\"\/index.php?rest_route=%2Fwp%2Fv2%2Fpages%2F1307&#038;product-page=7\">7<\/a><\/li>\n\t<li><a class=\"page-numbers\" href=\"\/index.php?rest_route=%2Fwp%2Fv2%2Fpages%2F1307&#038;product-page=8\">8<\/a><\/li>\n\t<li><a class=\"page-numbers\" href=\"\/index.php?rest_route=%2Fwp%2Fv2%2Fpages%2F1307&#038;product-page=9\">9<\/a><\/li>\n\t<li><a class=\"next page-numbers\" href=\"\/index.php?rest_route=%2Fwp%2Fv2%2Fpages%2F1307&#038;product-page=2\">&rarr;<\/a><\/li>\n<\/ul>\n<\/nav>\n<\/div>\t\t<\/div>\n\t\t\t\t<\/div>\n\t\t\t\t\t<\/div>\n\t\t<\/div>\n\t\t\t\t\t\t\t<\/div>\n\t\t<\/section>\n\t\t\t\t\t<\/div>\n\t\t<\/div>\n\t\t\t\t\t\t\t<\/div>\n\t\t<\/section>\n\t\t\t\t\t\t\t<\/div>\n\t\t","protected":false},"excerpt":{"rendered":"","protected":false},"author":1,"featured_media":0,"parent":0,"menu_order":0,"comment_status":"closed","ping_status":"closed","template":"","meta":{"footnotes":"","_joinchat":[]},"_links":{"self":[{"href":"https:\/\/adgdistribuciones.com.ar\/index.php?rest_route=\/wp\/v2\/pages\/1307"}],"collection":[{"href":"https:\/\/adgdistribuciones.com.ar\/index.php?rest_route=\/wp\/v2\/pages"}],"about":[{"href":"https:\/\/adgdistribuciones.com.ar\/index.php?rest_route=\/wp\/v2\/types\/page"}],"author":[{"embeddable":true,"href":"https:\/\/adgdistribuciones.com.ar\/index.php?rest_route=\/wp\/v2\/users\/1"}],"replies":[{"embeddable":true,"href":"https:\/\/adgdistribuciones.com.ar\/index.php?rest_route=%2Fwp%2Fv2%2Fcomments&post=1307"}],"version-history":[{"count":16,"href":"https:\/\/adgdistribuciones.com.ar\/index.php?rest_route=\/wp\/v2\/pages\/1307\/revisions"}],"predecessor-version":[{"id":1679,"href":"https:\/\/adgdistribuciones.com.ar\/index.php?rest_route=\/wp\/v2\/pages\/1307\/revisions\/1679"}],"wp:attachment":[{"href":"https:\/\/adgdistribuciones.com.ar\/index.php?rest_route=%2Fwp%2Fv2%2Fmedia&parent=1307"}],"curies":[{"name":"wp","href":"https:\/\/api.w.org\/{rel}","templated":true}]}}