{"id":1285,"date":"2022-08-23T11:28:23","date_gmt":"2022-08-23T14:28:23","guid":{"rendered":"https:\/\/adgdistribuciones.com.ar\/?page_id=1285"},"modified":"2022-09-09T08:24:31","modified_gmt":"2022-09-09T11:24:31","slug":"lacteos","status":"publish","type":"page","link":"https:\/\/adgdistribuciones.com.ar\/?page_id=1285","title":{"rendered":"L\u00e1cteos"},"content":{"rendered":"\t\t<div data-elementor-type=\"wp-page\" data-elementor-id=\"1285\" class=\"elementor elementor-1285\">\n\t\t\t\t\t\t\t\t\t<section class=\"elementor-section elementor-top-section elementor-element elementor-element-5163f0c6 elementor-section-full_width elementor-hidden-tablet elementor-hidden-mobile elementor-section-height-default elementor-section-height-default\" data-id=\"5163f0c6\" data-element_type=\"section\">\n\t\t\t\t\t\t<div class=\"elementor-container elementor-column-gap-default\">\n\t\t\t\t\t<div class=\"elementor-column elementor-col-100 elementor-top-column elementor-element elementor-element-161aaa6e\" data-id=\"161aaa6e\" data-element_type=\"column\">\n\t\t\t<div class=\"elementor-widget-wrap elementor-element-populated\">\n\t\t\t\t\t\t\t\t<div class=\"elementor-element elementor-element-559a81cb elementor-widget elementor-widget-image\" data-id=\"559a81cb\" data-element_type=\"widget\" data-widget_type=\"image.default\">\n\t\t\t\t<div class=\"elementor-widget-container\">\n\t\t\t<style>\/*! elementor - v3.6.8 - 27-07-2022 *\/\n.elementor-widget-image{text-align:center}.elementor-widget-image a{display:inline-block}.elementor-widget-image a img[src$=\".svg\"]{width:48px}.elementor-widget-image img{vertical-align:middle;display:inline-block}<\/style>\t\t\t\t\t\t\t\t\t\t\t\t<img decoding=\"async\" loading=\"lazy\" width=\"1081\" height=\"301\" src=\"https:\/\/adgdistribuciones.com.ar\/wp-content\/uploads\/2022\/08\/banners-02.jpg\" class=\"attachment-full size-full\" alt=\"\" srcset=\"https:\/\/adgdistribuciones.com.ar\/wp-content\/uploads\/2022\/08\/banners-02.jpg 1081w, https:\/\/adgdistribuciones.com.ar\/wp-content\/uploads\/2022\/08\/banners-02-300x84.jpg 300w, https:\/\/adgdistribuciones.com.ar\/wp-content\/uploads\/2022\/08\/banners-02-1024x285.jpg 1024w, https:\/\/adgdistribuciones.com.ar\/wp-content\/uploads\/2022\/08\/banners-02-768x214.jpg 768w, https:\/\/adgdistribuciones.com.ar\/wp-content\/uploads\/2022\/08\/banners-02-600x167.jpg 600w\" sizes=\"(max-width: 1081px) 100vw, 1081px\" \/>\t\t\t\t\t\t\t\t\t\t\t\t\t\t\t<\/div>\n\t\t\t\t<\/div>\n\t\t\t\t\t<\/div>\n\t\t<\/div>\n\t\t\t\t\t\t\t<\/div>\n\t\t<\/section>\n\t\t\t\t<section class=\"elementor-section elementor-top-section elementor-element elementor-element-7dbf849e elementor-section-full_width elementor-section-height-default elementor-section-height-default\" data-id=\"7dbf849e\" data-element_type=\"section\">\n\t\t\t\t\t\t<div class=\"elementor-container elementor-column-gap-default\">\n\t\t\t\t\t<div class=\"elementor-column elementor-col-100 elementor-top-column elementor-element elementor-element-4b1898cc\" data-id=\"4b1898cc\" data-element_type=\"column\">\n\t\t\t<div class=\"elementor-widget-wrap elementor-element-populated\">\n\t\t\t\t\t\t\t\t<div class=\"elementor-element elementor-element-a936354 elementor-hidden-desktop elementor-widget elementor-widget-image\" data-id=\"a936354\" data-element_type=\"widget\" data-widget_type=\"image.default\">\n\t\t\t\t<div class=\"elementor-widget-container\">\n\t\t\t\t\t\t\t\t\t\t\t\t\t\t\t<img decoding=\"async\" loading=\"lazy\" width=\"721\" height=\"721\" src=\"https:\/\/adgdistribuciones.com.ar\/wp-content\/uploads\/2022\/08\/banner-responsive-10.jpg\" class=\"attachment-full size-full\" alt=\"\" srcset=\"https:\/\/adgdistribuciones.com.ar\/wp-content\/uploads\/2022\/08\/banner-responsive-10.jpg 721w, https:\/\/adgdistribuciones.com.ar\/wp-content\/uploads\/2022\/08\/banner-responsive-10-300x300.jpg 300w, https:\/\/adgdistribuciones.com.ar\/wp-content\/uploads\/2022\/08\/banner-responsive-10-150x150.jpg 150w, https:\/\/adgdistribuciones.com.ar\/wp-content\/uploads\/2022\/08\/banner-responsive-10-600x600.jpg 600w, https:\/\/adgdistribuciones.com.ar\/wp-content\/uploads\/2022\/08\/banner-responsive-10-100x100.jpg 100w\" sizes=\"(max-width: 721px) 100vw, 721px\" \/>\t\t\t\t\t\t\t\t\t\t\t\t\t\t\t<\/div>\n\t\t\t\t<\/div>\n\t\t\t\t\t<\/div>\n\t\t<\/div>\n\t\t\t\t\t\t\t<\/div>\n\t\t<\/section>\n\t\t\t\t<section class=\"elementor-section elementor-top-section elementor-element elementor-element-c1713ac elementor-section-full_width elementor-section-height-default elementor-section-height-default\" data-id=\"c1713ac\" data-element_type=\"section\">\n\t\t\t\t\t\t<div class=\"elementor-container elementor-column-gap-default\">\n\t\t\t\t\t<div class=\"elementor-column elementor-col-100 elementor-top-column elementor-element elementor-element-2976e6f9\" data-id=\"2976e6f9\" data-element_type=\"column\">\n\t\t\t<div class=\"elementor-widget-wrap elementor-element-populated\">\n\t\t\t\t\t\t\t\t<section class=\"elementor-section elementor-inner-section elementor-element elementor-element-64ca3ba8 elementor-section-full_width elementor-section-height-default elementor-section-height-default\" data-id=\"64ca3ba8\" data-element_type=\"section\" data-settings=\"{&quot;background_background&quot;:&quot;classic&quot;}\">\n\t\t\t\t\t\t<div class=\"elementor-container elementor-column-gap-default\">\n\t\t\t\t\t<div class=\"elementor-column elementor-col-100 elementor-inner-column elementor-element elementor-element-4642100f\" data-id=\"4642100f\" data-element_type=\"column\" data-settings=\"{&quot;background_background&quot;:&quot;classic&quot;}\">\n\t\t\t<div class=\"elementor-widget-wrap elementor-element-populated\">\n\t\t\t\t\t\t\t\t<div class=\"elementor-element elementor-element-770d0fbf elementor-grid-3 elementor-product-loop-item--align-center elementor-grid-tablet-3 elementor-grid-mobile-2 elementor-products-grid elementor-wc-products elementor-show-pagination-border-yes elementor-widget elementor-widget-woocommerce-products\" data-id=\"770d0fbf\" data-element_type=\"widget\" id=\"shop-principal\" data-widget_type=\"woocommerce-products.default\">\n\t\t\t\t<div class=\"elementor-widget-container\">\n\t\t\t<link rel=\"stylesheet\" href=\"https:\/\/adgdistribuciones.com.ar\/wp-content\/plugins\/elementor-pro\/assets\/css\/widget-woocommerce.min.css\"><div class=\"woocommerce columns-3 \"><div class=\"woocommerce-notices-wrapper\"><\/div><ul class=\"products elementor-grid columns-3\">\n<li class=\"product type-product post-1273 status-publish first instock product_cat-lacteos has-post-thumbnail shipping-taxable product-type-simple\">\n\t<a href=\"https:\/\/adgdistribuciones.com.ar\/?product=balde-de-crema\" class=\"woocommerce-LoopProduct-link woocommerce-loop-product__link\"><img loading=\"lazy\" width=\"300\" height=\"457\" src=\"https:\/\/adgdistribuciones.com.ar\/wp-content\/uploads\/2022\/08\/productos-pagina-adg-04-300x457.jpg\" class=\"attachment-woocommerce_thumbnail size-woocommerce_thumbnail\" alt=\"\" decoding=\"async\" \/><h2 class=\"woocommerce-loop-product__title\">Crematto light 290 gs<\/h2>\n<\/a><a href=\"https:\/\/adgdistribuciones.com.ar\/?product=balde-de-crema\" data-quantity=\"1\" class=\"button product_type_simple\" data-product_id=\"1273\" data-product_sku=\"\" aria-label=\"Le\u00e9 m\u00e1s sobre &ldquo;Crematto light 290 gs&rdquo;\" rel=\"nofollow\">Leer m\u00e1s<\/a><\/li>\n<li class=\"product type-product post-1487 status-publish instock product_cat-lacteos has-post-thumbnail shipping-taxable product-type-simple\">\n\t<a href=\"https:\/\/adgdistribuciones.com.ar\/?product=queso-cremoso-horma-milkaut\" class=\"woocommerce-LoopProduct-link woocommerce-loop-product__link\"><img loading=\"lazy\" width=\"300\" height=\"457\" src=\"https:\/\/adgdistribuciones.com.ar\/wp-content\/uploads\/2022\/08\/productos-pagina-adg-05-300x457.jpg\" class=\"attachment-woocommerce_thumbnail size-woocommerce_thumbnail\" alt=\"\" decoding=\"async\" \/><h2 class=\"woocommerce-loop-product__title\">Queso cremoso Horma &#8211; Milkaut<\/h2>\n<\/a><a href=\"https:\/\/adgdistribuciones.com.ar\/?product=queso-cremoso-horma-milkaut\" data-quantity=\"1\" class=\"button product_type_simple\" data-product_id=\"1487\" data-product_sku=\"\" aria-label=\"Le\u00e9 m\u00e1s sobre &ldquo;Queso cremoso Horma - Milkaut&rdquo;\" rel=\"nofollow\">Leer m\u00e1s<\/a><\/li>\n<li class=\"product type-product post-1488 status-publish last instock product_cat-lacteos has-post-thumbnail shipping-taxable product-type-simple\">\n\t<a href=\"https:\/\/adgdistribuciones.com.ar\/?product=dulce-de-leche-clasico-milkaut-1-kg\" class=\"woocommerce-LoopProduct-link woocommerce-loop-product__link\"><img loading=\"lazy\" width=\"300\" height=\"457\" src=\"https:\/\/adgdistribuciones.com.ar\/wp-content\/uploads\/2022\/08\/productos-pagina-adg-06-300x457.jpg\" class=\"attachment-woocommerce_thumbnail size-woocommerce_thumbnail\" alt=\"\" decoding=\"async\" \/><h2 class=\"woocommerce-loop-product__title\">Dulce de Leche cl\u00e1sico Milkaut 1 kg<\/h2>\n<\/a><a href=\"https:\/\/adgdistribuciones.com.ar\/?product=dulce-de-leche-clasico-milkaut-1-kg\" data-quantity=\"1\" class=\"button product_type_simple\" data-product_id=\"1488\" data-product_sku=\"\" aria-label=\"Le\u00e9 m\u00e1s sobre &ldquo;Dulce de Leche cl\u00e1sico Milkaut 1 kg&rdquo;\" rel=\"nofollow\">Leer m\u00e1s<\/a><\/li>\n<li class=\"product type-product post-1489 status-publish first instock product_cat-lacteos has-post-thumbnail shipping-taxable product-type-simple\">\n\t<a href=\"https:\/\/adgdistribuciones.com.ar\/?product=queso-sardo-trozado-milkaut\" class=\"woocommerce-LoopProduct-link woocommerce-loop-product__link\"><img loading=\"lazy\" width=\"300\" height=\"457\" src=\"https:\/\/adgdistribuciones.com.ar\/wp-content\/uploads\/2022\/08\/productos-pagina-adg-07-300x457.jpg\" class=\"attachment-woocommerce_thumbnail size-woocommerce_thumbnail\" alt=\"\" decoding=\"async\" \/><h2 class=\"woocommerce-loop-product__title\">Queso Sardo trozado Milkaut<\/h2>\n<\/a><a href=\"https:\/\/adgdistribuciones.com.ar\/?product=queso-sardo-trozado-milkaut\" data-quantity=\"1\" class=\"button product_type_simple\" data-product_id=\"1489\" data-product_sku=\"\" aria-label=\"Le\u00e9 m\u00e1s sobre &ldquo;Queso Sardo trozado Milkaut&rdquo;\" rel=\"nofollow\">Leer m\u00e1s<\/a><\/li>\n<li class=\"product type-product post-1882 status-publish instock product_cat-lacteos has-post-thumbnail shipping-taxable product-type-simple\">\n\t<a href=\"https:\/\/adgdistribuciones.com.ar\/?product=yogur-entero-sabor-frutilla-milkaut\" class=\"woocommerce-LoopProduct-link woocommerce-loop-product__link\"><img loading=\"lazy\" width=\"300\" height=\"400\" src=\"https:\/\/adgdistribuciones.com.ar\/wp-content\/uploads\/2022\/09\/01-Entero-sabor-frutilla-300x400.png\" class=\"attachment-woocommerce_thumbnail size-woocommerce_thumbnail\" alt=\"\" decoding=\"async\" \/><h2 class=\"woocommerce-loop-product__title\">Yogur entero sabor frutilla &#8211; Milkaut<\/h2>\n<\/a><a href=\"https:\/\/adgdistribuciones.com.ar\/?product=yogur-entero-sabor-frutilla-milkaut\" data-quantity=\"1\" class=\"button product_type_simple\" data-product_id=\"1882\" data-product_sku=\"\" aria-label=\"Le\u00e9 m\u00e1s sobre &ldquo;Yogur entero sabor frutilla - Milkaut&rdquo;\" rel=\"nofollow\">Leer m\u00e1s<\/a><\/li>\n<li class=\"product type-product post-1965 status-publish last instock product_cat-lacteos has-post-thumbnail shipping-taxable product-type-simple\">\n\t<a href=\"https:\/\/adgdistribuciones.com.ar\/?product=yogur-entero-sabor-vainilla-milkaut\" class=\"woocommerce-LoopProduct-link woocommerce-loop-product__link\"><img loading=\"lazy\" width=\"300\" height=\"400\" src=\"https:\/\/adgdistribuciones.com.ar\/wp-content\/uploads\/2022\/09\/02-entero-sabor-vainilla-300x400.png\" class=\"attachment-woocommerce_thumbnail size-woocommerce_thumbnail\" alt=\"\" decoding=\"async\" \/><h2 class=\"woocommerce-loop-product__title\">Yogur entero sabor vainilla &#8211; Milkaut<\/h2>\n<\/a><a href=\"https:\/\/adgdistribuciones.com.ar\/?product=yogur-entero-sabor-vainilla-milkaut\" data-quantity=\"1\" class=\"button product_type_simple\" data-product_id=\"1965\" data-product_sku=\"\" aria-label=\"Le\u00e9 m\u00e1s sobre &ldquo;Yogur entero sabor vainilla - Milkaut&rdquo;\" rel=\"nofollow\">Leer m\u00e1s<\/a><\/li>\n<li class=\"product type-product post-1966 status-publish first instock product_cat-lacteos has-post-thumbnail shipping-taxable product-type-simple\">\n\t<a href=\"https:\/\/adgdistribuciones.com.ar\/?product=yogur-entero-sabor-frutilla-con-copos-de-maiz-milkaut\" class=\"woocommerce-LoopProduct-link woocommerce-loop-product__link\"><img loading=\"lazy\" width=\"300\" height=\"400\" src=\"https:\/\/adgdistribuciones.com.ar\/wp-content\/uploads\/2022\/09\/03-Entero-sabor-frutilla-con-copos-de-maiz-300x400.png\" class=\"attachment-woocommerce_thumbnail size-woocommerce_thumbnail\" alt=\"\" decoding=\"async\" \/><h2 class=\"woocommerce-loop-product__title\">Yogur entero sabor frutilla con copos de ma\u00edz &#8211; Milkaut<\/h2>\n<\/a><a href=\"https:\/\/adgdistribuciones.com.ar\/?product=yogur-entero-sabor-frutilla-con-copos-de-maiz-milkaut\" data-quantity=\"1\" class=\"button product_type_simple\" data-product_id=\"1966\" data-product_sku=\"\" aria-label=\"Le\u00e9 m\u00e1s sobre &ldquo;Yogur entero sabor frutilla con copos de ma\u00edz - Milkaut&rdquo;\" rel=\"nofollow\">Leer m\u00e1s<\/a><\/li>\n<li class=\"product type-product post-1967 status-publish instock product_cat-lacteos has-post-thumbnail shipping-taxable product-type-simple\">\n\t<a href=\"https:\/\/adgdistribuciones.com.ar\/?product=yogur-entero-sabor-vainilla-con-copos-de-maiz-milkaut\" class=\"woocommerce-LoopProduct-link woocommerce-loop-product__link\"><img loading=\"lazy\" width=\"300\" height=\"400\" src=\"https:\/\/adgdistribuciones.com.ar\/wp-content\/uploads\/2022\/09\/04-Entero-sabor-vainilla-con-copos-de-maiz-300x400.png\" class=\"attachment-woocommerce_thumbnail size-woocommerce_thumbnail\" alt=\"\" decoding=\"async\" \/><h2 class=\"woocommerce-loop-product__title\">Yogur entero sabor vainilla con copos de maiz &#8211; Milkaut<\/h2>\n<\/a><a href=\"https:\/\/adgdistribuciones.com.ar\/?product=yogur-entero-sabor-vainilla-con-copos-de-maiz-milkaut\" data-quantity=\"1\" class=\"button product_type_simple\" data-product_id=\"1967\" data-product_sku=\"\" aria-label=\"Le\u00e9 m\u00e1s sobre &ldquo;Yogur entero sabor vainilla con copos de maiz - Milkaut&rdquo;\" rel=\"nofollow\">Leer m\u00e1s<\/a><\/li>\n<li class=\"product type-product post-1968 status-publish last instock product_cat-lacteos has-post-thumbnail shipping-taxable product-type-simple\">\n\t<a href=\"https:\/\/adgdistribuciones.com.ar\/?product=yogur-entero-con-trozos-de-frutilla-milkaut\" class=\"woocommerce-LoopProduct-link woocommerce-loop-product__link\"><img loading=\"lazy\" width=\"300\" height=\"400\" src=\"https:\/\/adgdistribuciones.com.ar\/wp-content\/uploads\/2022\/09\/05-Entero-con-trozos-de-frutilla-300x400.png\" class=\"attachment-woocommerce_thumbnail size-woocommerce_thumbnail\" alt=\"\" decoding=\"async\" \/><h2 class=\"woocommerce-loop-product__title\">Yogur entero con trozos de frutilla &#8211; Milkaut<\/h2>\n<\/a><a href=\"https:\/\/adgdistribuciones.com.ar\/?product=yogur-entero-con-trozos-de-frutilla-milkaut\" data-quantity=\"1\" class=\"button product_type_simple\" data-product_id=\"1968\" data-product_sku=\"\" aria-label=\"Le\u00e9 m\u00e1s sobre &ldquo;Yogur entero con trozos de frutilla - Milkaut&rdquo;\" rel=\"nofollow\">Leer m\u00e1s<\/a><\/li>\n<\/ul>\n<nav class=\"woocommerce-pagination\">\n\t<ul class='page-numbers'>\n\t<li><span aria-current=\"page\" class=\"page-numbers current\">1<\/span><\/li>\n\t<li><a class=\"page-numbers\" href=\"\/index.php?rest_route=%2Fwp%2Fv2%2Fpages%2F1285&#038;product-page=2\">2<\/a><\/li>\n\t<li><a class=\"page-numbers\" href=\"\/index.php?rest_route=%2Fwp%2Fv2%2Fpages%2F1285&#038;product-page=3\">3<\/a><\/li>\n\t<li><a class=\"page-numbers\" href=\"\/index.php?rest_route=%2Fwp%2Fv2%2Fpages%2F1285&#038;product-page=4\">4<\/a><\/li>\n\t<li><span class=\"page-numbers dots\">&hellip;<\/span><\/li>\n\t<li><a class=\"page-numbers\" href=\"\/index.php?rest_route=%2Fwp%2Fv2%2Fpages%2F1285&#038;product-page=10\">10<\/a><\/li>\n\t<li><a class=\"page-numbers\" href=\"\/index.php?rest_route=%2Fwp%2Fv2%2Fpages%2F1285&#038;product-page=11\">11<\/a><\/li>\n\t<li><a class=\"page-numbers\" href=\"\/index.php?rest_route=%2Fwp%2Fv2%2Fpages%2F1285&#038;product-page=12\">12<\/a><\/li>\n\t<li><a class=\"next page-numbers\" href=\"\/index.php?rest_route=%2Fwp%2Fv2%2Fpages%2F1285&#038;product-page=2\">&rarr;<\/a><\/li>\n<\/ul>\n<\/nav>\n<\/div>\t\t<\/div>\n\t\t\t\t<\/div>\n\t\t\t\t\t<\/div>\n\t\t<\/div>\n\t\t\t\t\t\t\t<\/div>\n\t\t<\/section>\n\t\t\t\t\t<\/div>\n\t\t<\/div>\n\t\t\t\t\t\t\t<\/div>\n\t\t<\/section>\n\t\t\t\t\t\t\t<\/div>\n\t\t","protected":false},"excerpt":{"rendered":"","protected":false},"author":1,"featured_media":0,"parent":0,"menu_order":0,"comment_status":"closed","ping_status":"closed","template":"","meta":{"footnotes":"","_joinchat":[]},"_links":{"self":[{"href":"https:\/\/adgdistribuciones.com.ar\/index.php?rest_route=\/wp\/v2\/pages\/1285"}],"collection":[{"href":"https:\/\/adgdistribuciones.com.ar\/index.php?rest_route=\/wp\/v2\/pages"}],"about":[{"href":"https:\/\/adgdistribuciones.com.ar\/index.php?rest_route=\/wp\/v2\/types\/page"}],"author":[{"embeddable":true,"href":"https:\/\/adgdistribuciones.com.ar\/index.php?rest_route=\/wp\/v2\/users\/1"}],"replies":[{"embeddable":true,"href":"https:\/\/adgdistribuciones.com.ar\/index.php?rest_route=%2Fwp%2Fv2%2Fcomments&post=1285"}],"version-history":[{"count":25,"href":"https:\/\/adgdistribuciones.com.ar\/index.php?rest_route=\/wp\/v2\/pages\/1285\/revisions"}],"predecessor-version":[{"id":2136,"href":"https:\/\/adgdistribuciones.com.ar\/index.php?rest_route=\/wp\/v2\/pages\/1285\/revisions\/2136"}],"wp:attachment":[{"href":"https:\/\/adgdistribuciones.com.ar\/index.php?rest_route=%2Fwp%2Fv2%2Fmedia&parent=1285"}],"curies":[{"name":"wp","href":"https:\/\/api.w.org\/{rel}","templated":true}]}}